{"id":56,"date":"2022-04-22T08:37:26","date_gmt":"2022-04-22T08:37:26","guid":{"rendered":"https:\/\/brettmeier-steuerberatung.de\/?page_id=56"},"modified":"2023-10-19T08:19:50","modified_gmt":"2023-10-19T08:19:50","slug":"home","status":"publish","type":"page","link":"https:\/\/www.brettmeier-steuerberatung.de\/","title":{"rendered":"HOME"},"content":{"rendered":"\n<div id=\"wp-block-themeisle-blocks-advanced-columns-68893331\" class=\"wp-block-themeisle-blocks-advanced-columns has-1-columns has-desktop-equal-layout has-tablet-equal-layout has-mobile-equal-layout has-vertical-unset\"><div class=\"wp-block-themeisle-blocks-advanced-columns-overlay\"><\/div><div class=\"innerblocks-wrap\">\n<div id=\"wp-block-themeisle-blocks-advanced-column-234057f5\" class=\"wp-block-themeisle-blocks-advanced-column\"><\/div>\n<\/div><\/div>\n\n\n\n<div id=\"wp-block-themeisle-blocks-advanced-columns-79bccfc5\" class=\"wp-block-themeisle-blocks-advanced-columns has-4-columns has-desktop-equal-layout has-tablet-equal-layout has-mobile-collapsedRows-layout has-vertical-unset has-light-bg\"><div class=\"wp-block-themeisle-blocks-advanced-columns-overlay\"><\/div><div class=\"innerblocks-wrap\">\n<div id=\"wp-block-themeisle-blocks-advanced-column-c31a26f3\" class=\"wp-block-themeisle-blocks-advanced-column has-light-bg\">\n<div id=\"wp-block-themeisle-blocks-font-awesome-icons-a32449ee\" class=\"wp-block-themeisle-blocks-font-awesome-icons\"><span class=\"wp-block-themeisle-blocks-font-awesome-icons-container\"><i class=\"fas fa-compress-arrows-alt\"><\/i><\/span><\/div>\n\n\n\n<h2 class=\"wp-block-heading has-text-align-left has-luminous-vivid-orange-color has-text-color\">Wer sind wir<\/h2>\n\n\n\n<ul class=\"has-white-color has-text-color wp-block-list\" style=\"font-size:26px\">\n<li style=\"font-size:26px\">Eine Steuerberatungsgesellschaft mit jahrzehntelanger Erfahrung und st\u00e4ndiger Fortbildung<\/li>\n<\/ul>\n<\/div>\n\n\n\n<div id=\"wp-block-themeisle-blocks-advanced-column-65f5a98c\" class=\"wp-block-themeisle-blocks-advanced-column has-light-bg\">\n<div id=\"wp-block-themeisle-blocks-font-awesome-icons-f39eaa33\" class=\"wp-block-themeisle-blocks-font-awesome-icons\"><span class=\"wp-block-themeisle-blocks-font-awesome-icons-container\"><i class=\"fas fa-users\"><\/i><\/span><\/div>\n\n\n\n<h2 class=\"wp-block-heading has-text-align-left has-luminous-vivid-orange-color has-text-color\">F\u00fcr Wen<\/h2>\n\n\n\n<ul class=\"has-white-color has-text-color wp-block-list\" style=\"font-size:26px\">\n<li>Arbeitnehmer und Privatpersonen<\/li>\n\n\n\n<li style=\"font-size:26px\">Gewerbetreibende<\/li>\n\n\n\n<li>Unternehmensleiter<\/li>\n\n\n\n<li>Existenzgr\u00fcnder<\/li>\n<\/ul>\n<\/div>\n\n\n\n<div id=\"wp-block-themeisle-blocks-advanced-column-b408f5ab\" class=\"wp-block-themeisle-blocks-advanced-column has-light-bg\">\n<div id=\"wp-block-themeisle-blocks-font-awesome-icons-3579074b\" class=\"wp-block-themeisle-blocks-font-awesome-icons\"><span class=\"wp-block-themeisle-blocks-font-awesome-icons-container\"><i class=\"far fa-check-circle\"><\/i><\/span><\/div>\n\n\n\n<h2 class=\"wp-block-heading has-text-align-left has-luminous-vivid-orange-color has-text-color\">Unsere Dienstleistungen<\/h2>\n\n\n\n<ul class=\"has-white-color has-text-color wp-block-list\" style=\"font-size:26px\">\n<li>Steuerberatung<\/li>\n\n\n\n<li>Wirtschaftspr\u00fcfung<\/li>\n\n\n\n<li>Unternehmensberatung<\/li>\n\n\n\n<li>Sanierungsberatung<\/li>\n<\/ul>\n<\/div>\n\n\n\n<div id=\"wp-block-themeisle-blocks-advanced-column-d25299dd\" class=\"wp-block-themeisle-blocks-advanced-column has-light-bg\">\n<div id=\"wp-block-themeisle-blocks-font-awesome-icons-eb0a4c2c\" class=\"wp-block-themeisle-blocks-font-awesome-icons\"><span class=\"wp-block-themeisle-blocks-font-awesome-icons-container\"><i class=\"fas fa-award\"><\/i><\/span><\/div>\n\n\n\n<h2 class=\"wp-block-heading has-text-align-left has-luminous-vivid-orange-color has-text-color\">Ihr Nutzen<\/h2>\n\n\n\n<ul class=\"has-white-color has-text-color wp-block-list\" style=\"font-size:26px\">\n<li>Ganzheitliche und  individuelle Beratung<\/li>\n\n\n\n<li>Sachkundige und l\u00f6sungsorientierte Mitarbeiter<\/li>\n\n\n\n<li>Zuverl\u00e4ssige und zeitnahe Probleml\u00f6sung<\/li>\n<\/ul>\n<\/div>\n<\/div><\/div>\n\n\n\n<div id=\"wp-block-themeisle-blocks-advanced-columns-e3812834\" class=\"wp-block-themeisle-blocks-advanced-columns has-2-columns has-desktop-equal-layout has-tablet-equal-layout has-mobile-collapsedRows-layout has-vertical-unset has-light-bg\"><div class=\"wp-block-themeisle-blocks-advanced-columns-overlay\"><\/div><div class=\"innerblocks-wrap\">\n<div id=\"wp-block-themeisle-blocks-advanced-column-be153800\" class=\"wp-block-themeisle-blocks-advanced-column\">\n<p class=\"has-medium-font-size\"><br><br>Die wirtschaftlichen und gesetzlichen Rahmenbedingungen \u00e4ndern sich immer rascher,<br> die wachsende Komplexit\u00e4t zu \u00fcberblicken f\u00e4llt zunehmend schwerer.&nbsp;<br>Die Brettmeier Steuerbratungsgesellschaft mbH mit Sitz in Oerlinghausen und Genthin<br> steht Ihnen mit einer ganzheitlichen steuerlichen sowie betriebswirtschaftlichen Beratung zur Seite.<\/p>\n<\/div>\n\n\n\n<div id=\"wp-block-themeisle-blocks-advanced-column-2162eb22\" class=\"wp-block-themeisle-blocks-advanced-column\">\n<figure class=\"wp-block-image aligncenter size-large is-resized\"><img loading=\"lazy\" decoding=\"async\" width=\"1024\" height=\"1024\" src=\"https:\/\/www.brettmeier-steuerberatung.de\/wp-content\/uploads\/2023\/06\/Volkmar_Profil-1024x1024.png\" alt=\"\" class=\"wp-image-212\" style=\"width:256px;height:256px\" srcset=\"https:\/\/www.brettmeier-steuerberatung.de\/wp-content\/uploads\/2023\/06\/Volkmar_Profil-1024x1024.png 1024w, https:\/\/www.brettmeier-steuerberatung.de\/wp-content\/uploads\/2023\/06\/Volkmar_Profil-300x300.png 300w, https:\/\/www.brettmeier-steuerberatung.de\/wp-content\/uploads\/2023\/06\/Volkmar_Profil-150x150.png 150w, https:\/\/www.brettmeier-steuerberatung.de\/wp-content\/uploads\/2023\/06\/Volkmar_Profil-768x768.png 768w, https:\/\/www.brettmeier-steuerberatung.de\/wp-content\/uploads\/2023\/06\/Volkmar_Profil.png 1080w\" sizes=\"auto, (max-width: 1024px) 100vw, 1024px\" \/><\/figure>\n\n\n\n<p class=\"has-text-align-center\"><strong>Dipl.-Betrw. Volkmar W. Brettmeier<\/strong> <br>Vereidigter Buchpr\u00fcfer \/ Steuerberater <br>Gesch\u00e4ftsf\u00fchrer<\/p>\n<\/div>\n<\/div><\/div>\n\n\n\n<div id=\"wp-block-themeisle-blocks-advanced-columns-0a3ab7f9\" class=\"wp-block-themeisle-blocks-advanced-columns has-2-columns has-desktop-equal-layout has-tablet-equal-layout has-mobile-collapsedRows-layout has-vertical-unset has-light-bg\"><div class=\"wp-block-themeisle-blocks-advanced-columns-overlay\"><\/div><div class=\"innerblocks-wrap\">\n<div id=\"wp-block-themeisle-blocks-advanced-column-319fcfaf\" class=\"wp-block-themeisle-blocks-advanced-column\">\n<figure class=\"wp-block-image size-full\"><img loading=\"lazy\" decoding=\"async\" width=\"1024\" height=\"380\" src=\"https:\/\/www.brettmeier-steuerberatung.de\/wp-content\/uploads\/2023\/06\/partner-1024x380-1.png\" alt=\"\" class=\"wp-image-168\" srcset=\"https:\/\/www.brettmeier-steuerberatung.de\/wp-content\/uploads\/2023\/06\/partner-1024x380-1.png 1024w, https:\/\/www.brettmeier-steuerberatung.de\/wp-content\/uploads\/2023\/06\/partner-1024x380-1-300x111.png 300w, https:\/\/www.brettmeier-steuerberatung.de\/wp-content\/uploads\/2023\/06\/partner-1024x380-1-768x285.png 768w\" sizes=\"auto, (max-width: 1024px) 100vw, 1024px\" \/><\/figure>\n<\/div>\n\n\n\n<div id=\"wp-block-themeisle-blocks-advanced-column-a2402c70\" class=\"wp-block-themeisle-blocks-advanced-column\">\n<h2 class=\"wp-block-heading\">Unsere Leistungen<\/h2>\n\n\n\n<p class=\"has-medium-font-size\">Wir stehen Ihnen bei allen steuerlichen- und betriebswirtschaftlichen Fragen mit unseren individuellen Dienstleistungen zu Seite.<\/p>\n\n\n\n<p class=\"myzoom has-luminous-vivid-orange-color has-text-color has-medium-font-size\"><a href=\"https:\/\/www.brettmeier-steuerberatung.de\/?page_id=19\" data-type=\"page\" data-id=\"19\">&gt;Zu unseren Dienstleistungen<\/a><\/p>\n<\/div>\n<\/div><\/div>\n\n\n\n<div id=\"wp-block-themeisle-blocks-advanced-columns-8268b0bb\" class=\"wp-block-themeisle-blocks-advanced-columns has-2-columns has-desktop-twoOne-layout has-tablet-equal-layout has-mobile-collapsedRows-layout has-vertical-unset\"><div class=\"wp-block-themeisle-blocks-advanced-columns-overlay\"><\/div><div class=\"innerblocks-wrap\">\n<div id=\"wp-block-themeisle-blocks-advanced-column-c5dfbafe\" class=\"wp-block-themeisle-blocks-advanced-column has-light-bg\">\n<div class=\"wp-block-contact-form-7-contact-form-selector\">\n<div class=\"wpcf7 no-js\" id=\"wpcf7-f162-o1\" lang=\"en-US\" dir=\"ltr\">\n<div class=\"screen-reader-response\"><p role=\"status\" aria-live=\"polite\" aria-atomic=\"true\"><\/p> <ul><\/ul><\/div>\n<form action=\"\/index.php?rest_route=%2Fwp%2Fv2%2Fpages%2F56#wpcf7-f162-o1\" method=\"post\" class=\"wpcf7-form init\" aria-label=\"Contact form\" novalidate=\"novalidate\" data-status=\"init\">\n<div style=\"display: none;\">\n<input type=\"hidden\" name=\"_wpcf7\" value=\"162\" \/>\n<input type=\"hidden\" name=\"_wpcf7_version\" value=\"5.8\" \/>\n<input type=\"hidden\" name=\"_wpcf7_locale\" value=\"en_US\" \/>\n<input type=\"hidden\" name=\"_wpcf7_unit_tag\" value=\"wpcf7-f162-o1\" \/>\n<input type=\"hidden\" name=\"_wpcf7_container_post\" value=\"0\" \/>\n<input type=\"hidden\" name=\"_wpcf7_posted_data_hash\" value=\"\" \/>\n<\/div>\n<!--Edit by Alex Spieker-->\n<!--Kontaktformular auf Landingpage-->\n<p><span id=\"wpcf7-69e0c56d9121d-wrapper\" class=\"wpcf7-form-control-wrap your-name-wrap\" ><label for=\"wpcf7-69e0c56d9121d-field\" class=\"hp-message\">Please leave this field empty.<\/label><input id=\"wpcf7-69e0c56d9121d-field\"  class=\"wpcf7-form-control wpcf7-text\" type=\"text\" name=\"your-name\" value=\"\" size=\"40\" tabindex=\"-1\" autocomplete=\"new-password\" \/><\/span><br \/>\n<span id=\"wpcf7-69e0c56d9128f-wrapper\" class=\"wpcf7-form-control-wrap your-email-wrap\" ><label for=\"wpcf7-69e0c56d9128f-field\" class=\"hp-message\">Please leave this field empty.<\/label><input id=\"wpcf7-69e0c56d9128f-field\"  class=\"wpcf7-form-control wpcf7-text\" type=\"text\" name=\"your-email\" value=\"\" size=\"40\" tabindex=\"-1\" autocomplete=\"new-password\" \/><\/span>\n<\/p>\n\n<!--CSS-Style-->\n<style>\n .wps-form{\n width: 100%;\n margin: 0 auto;\n }\n .wps-form-row{\n display: flex;\n flex-direction: column;\n width: 100%;\n }\n .wps-form-control{\n width: 100%;\n }\n .wps-form-column{\n flex: 1;\n padding: 0.5rem 0;\n width: 100%;\n font-size: 14px;\n color: black;\n }\n \/*Notebook or Desktop*\/\n @media only screen and (min-width: 48em) {\n .wps-form-row{\n flex-direction: row;\n }\n .wps-form-column{\n padding: 00.5rem 1rem;\n }\n }\n textarea{\n resize: horizontal;\n }\n ul {\n list-style: none; \/* Remove default bullets *\/\n }\n span.wpcf7-list-item {\n display: block; \n }\n<\/style>\n\n<!----------------------------------------------------------------------------------------------------------------->\n\n<!--Actual Content-->\n<div class=\"wps-form\">\n\t<p style=\"font-size: 14px;\">\n\t<\/p>\n\t<div class=\"wps-form-column\">\n\t\t<p><label><\/label><br \/>\n<span class=\"wpcf7-form-control-wrap\" data-name=\"u-name\"><input size=\"40\" class=\"wpcf7-form-control wpcf7-text wpcf7-validates-as-required\" aria-required=\"true\" aria-invalid=\"false\" placeholder=\"Name*\" value=\"\" type=\"text\" name=\"u-name\" \/><\/span>\n\t\t<\/p>\n\t<\/div>\n\t<div class=\"wps-form-column\">\n\t\t<p><label><\/label><br \/>\n<span class=\"wpcf7-form-control-wrap\" data-name=\"u-mail\"><input size=\"40\" class=\"wpcf7-form-control wpcf7-email wpcf7-validates-as-required wpcf7-text wpcf7-validates-as-email\" aria-required=\"true\" aria-invalid=\"false\" placeholder=\"E-Mail Adresse*\" value=\"\" type=\"email\" name=\"u-mail\" \/><\/span>\n\t\t<\/p>\n\t<\/div>\n\t<div class=\"wps-form-row\">\n\t\t<div class=\"wps-form-column\">\n\t\t\t<p><label><\/label><br \/>\n<span class=\"wpcf7-form-control-wrap\" data-name=\"u-message\"><textarea cols=\"40\" rows=\"10\" class=\"wpcf7-form-control wpcf7-textarea wpcf7-validates-as-required\" aria-required=\"true\" aria-invalid=\"false\" placeholder=\"Ihre Nachricht*\" name=\"u-message\"><\/textarea><\/span>\n\t\t\t<\/p>\n\t\t<\/div>\n\t<\/div>\n \n <!----------------------------------------------------------------------------------------------------------------->\n\t<p style=\"color: #2a2e2e;margin-left:20px;font-size: 14px;\">Felder mit einem * sind Pflichtfelder.\n\t<\/p>\n\n <!--Zeile 11 waagerecht-->\n\t<div class=\"wps-form-row\">\n\n <!--Spalte 1 senkrecht-->\n\t\t<div class=\"wps-form-column\">\n\t\t\t<p><span class=\"wpcf7-form-control-wrap\" data-name=\"u-accept\"><span class=\"wpcf7-form-control wpcf7-acceptance\"><span class=\"wpcf7-list-item\"><label><input type=\"checkbox\" name=\"u-accept\" value=\"1\" aria-invalid=\"false\" \/><span class=\"wpcf7-list-item-label\">Ich stimme zu, dass meine Angaben und Daten zur Beantwortung meiner Anfrage elektronisch erhoben und gespeichert werden.<br>\n            <b>Hinweis:<\/b> Sie k\u00f6nnen Ihre Einwilligung jederzeit f\u00fcr die Zukunft per E-Mail an <a href=\"mailto:info@brettmeier-steuerberatung.de\" target=\"_blank\"> info@brettmeier-steuerberatung.de<\/a> widerrufen.<\/span><\/label><\/span><\/span><\/span>\n\t\t\t<\/p>\n\t\t<\/div>\n\t<\/div>\n <!--Ende der Zeile 11-->\n\t<p><input class=\"wpcf7-form-control wpcf7-submit has-spinner padding-10\" type=\"submit\" value=\"Senden\" \/>\n\t<\/p>\n<\/div><div class=\"wpcf7-response-output\" aria-hidden=\"true\"><\/div>\n<\/form>\n<\/div>\n<\/div>\n<\/div>\n\n\n\n<div id=\"wp-block-themeisle-blocks-advanced-column-b1b56336\" class=\"wp-block-themeisle-blocks-advanced-column\">\n<div style=\"height:80px\" aria-hidden=\"true\" class=\"wp-block-spacer\"><\/div>\n\n\n\n<h2 class=\"wp-block-heading has-white-color has-text-color\" style=\"font-size:67px\">Wir unterst\u00fctzen Sie<\/h2>\n\n\n\n<p class=\"has-white-color has-text-color has-large-font-size\">Kontaktieren Sie uns gern,<br> wenn Sie weitere Fragen haben.<\/p>\n<\/div>\n<\/div><\/div>\n","protected":false},"excerpt":{"rendered":"","protected":false},"author":1,"featured_media":0,"parent":0,"menu_order":0,"comment_status":"closed","ping_status":"closed","template":"","meta":{"zakra_page_container_layout":"customizer","zakra_page_sidebar_layout":"customizer","zakra_remove_content_margin":false,"zakra_sidebar":"customizer","zakra_transparent_header":"customizer","zakra_logo":0,"zakra_main_header_style":"default","zakra_menu_item_color":"","zakra_menu_item_hover_color":"","zakra_menu_item_active_color":"","zakra_menu_active_style":"","zakra_page_header":true,"_themeisle_gutenberg_block_has_review":false,"footnotes":""},"class_list":["post-56","page","type-page","status-publish","hentry"],"_links":{"self":[{"href":"https:\/\/www.brettmeier-steuerberatung.de\/index.php?rest_route=\/wp\/v2\/pages\/56","targetHints":{"allow":["GET"]}}],"collection":[{"href":"https:\/\/www.brettmeier-steuerberatung.de\/index.php?rest_route=\/wp\/v2\/pages"}],"about":[{"href":"https:\/\/www.brettmeier-steuerberatung.de\/index.php?rest_route=\/wp\/v2\/types\/page"}],"author":[{"embeddable":true,"href":"https:\/\/www.brettmeier-steuerberatung.de\/index.php?rest_route=\/wp\/v2\/users\/1"}],"replies":[{"embeddable":true,"href":"https:\/\/www.brettmeier-steuerberatung.de\/index.php?rest_route=%2Fwp%2Fv2%2Fcomments&post=56"}],"version-history":[{"count":19,"href":"https:\/\/www.brettmeier-steuerberatung.de\/index.php?rest_route=\/wp\/v2\/pages\/56\/revisions"}],"predecessor-version":[{"id":237,"href":"https:\/\/www.brettmeier-steuerberatung.de\/index.php?rest_route=\/wp\/v2\/pages\/56\/revisions\/237"}],"wp:attachment":[{"href":"https:\/\/www.brettmeier-steuerberatung.de\/index.php?rest_route=%2Fwp%2Fv2%2Fmedia&parent=56"}],"curies":[{"name":"wp","href":"https:\/\/api.w.org\/{rel}","templated":true}]}}